{"id":932,"date":"2022-08-24T14:26:11","date_gmt":"2022-08-24T18:26:11","guid":{"rendered":"https:\/\/flynnloghomes.com\/accueil\/"},"modified":"2024-07-30T14:04:34","modified_gmt":"2024-07-30T18:04:34","slug":"accueil","status":"publish","type":"page","link":"https:\/\/flynnloghomes.com\/fr\/","title":{"rendered":"Accueil"},"content":{"rendered":"\n<div class=\"wp-block-group alignfull is-layout-flow wp-block-group-is-layout-flow\">\n<div class=\"wp-block-cover alignfull is-light\" style=\"min-height:900px;aspect-ratio:unset;\"><span aria-hidden=\"true\" class=\"wp-block-cover__background has-background-dim-0 has-background-dim\" style=\"background-color:#a39389\"><\/span><img data-recalc-dims=\"1\" loading=\"lazy\" decoding=\"async\" width=\"1290\" height=\"610\" class=\"wp-block-cover__image-background wp-image-4449\" alt=\"\" src=\"https:\/\/i0.wp.com\/flynnloghomes.com\/wp-content\/uploads\/2024\/07\/Log-Cabin-Shell-by-Flynn-Log-Homes-1.jpg?resize=1290%2C610&#038;ssl=1\" data-object-fit=\"cover\" srcset=\"https:\/\/i0.wp.com\/flynnloghomes.com\/wp-content\/uploads\/2024\/07\/Log-Cabin-Shell-by-Flynn-Log-Homes-1.jpg?w=1366&amp;ssl=1 1366w, https:\/\/i0.wp.com\/flynnloghomes.com\/wp-content\/uploads\/2024\/07\/Log-Cabin-Shell-by-Flynn-Log-Homes-1.jpg?resize=300%2C142&amp;ssl=1 300w, https:\/\/i0.wp.com\/flynnloghomes.com\/wp-content\/uploads\/2024\/07\/Log-Cabin-Shell-by-Flynn-Log-Homes-1.jpg?resize=1024%2C484&amp;ssl=1 1024w, https:\/\/i0.wp.com\/flynnloghomes.com\/wp-content\/uploads\/2024\/07\/Log-Cabin-Shell-by-Flynn-Log-Homes-1.jpg?resize=768%2C363&amp;ssl=1 768w, https:\/\/i0.wp.com\/flynnloghomes.com\/wp-content\/uploads\/2024\/07\/Log-Cabin-Shell-by-Flynn-Log-Homes-1.jpg?resize=1200%2C567&amp;ssl=1 1200w\" sizes=\"auto, (max-width: 1290px) 100vw, 1290px\" \/><div class=\"wp-block-cover__inner-container is-layout-flow wp-block-cover-is-layout-flow\">\n<div class=\"wp-block-columns alignwide is-layout-flex wp-container-core-columns-is-layout-28f84493 wp-block-columns-is-layout-flex\">\n<div class=\"wp-block-column is-layout-flow wp-block-column-is-layout-flow\"><\/div>\n\n\n\n<div class=\"wp-block-column hero-tagline has-cloudy-knoxville-gradient-background has-background is-layout-flow wp-block-column-is-layout-flow\" style=\"flex-basis:55%\">\n<h2 class=\"wp-block-heading\" style=\"margin-top:0px;margin-right:0px;margin-bottom:0px;margin-left:0px;padding-top:0px;padding-right:0px;padding-bottom:0px;padding-left:0px\">Flynn Log Homes<\/h2>\n\n\n\n<div style=\"height:20px\" aria-hidden=\"true\" class=\"wp-block-spacer\"><\/div>\n\n\n\n<h3 class=\"wp-block-heading has-palette-color-1-color has-text-color has-x-large-font-size\" style=\"margin-top:0px;margin-right:0px;margin-bottom:0px;margin-left:0px;padding-top:0px;padding-right:0px;padding-bottom:0px;padding-left:0px\">Cr\u00e9ez la maison en bois massif de vos r\u00eaves avec notre kit de construction de maison en bois massif<\/h3>\n<\/div>\n<\/div>\n<\/div><\/div>\n<\/div>\n\n<div class=\"wp-block-group alignfull is-layout-constrained wp-block-group-is-layout-constrained\">\n<div style=\"height:30px\" aria-hidden=\"true\" class=\"wp-block-spacer\"><\/div>\n\n\n\n<h2 class=\"wp-block-heading\">Magnifiques kits de maisons en rondins fabriqu\u00e9s \u00e0 la main et construits sur mesure par des artisans de qualit\u00e9<\/h2>\n\n\n\n<p class=\"has-medium-font-size\"><strong>Flynn Log Homes<\/strong> est une entreprise canadienne exceptionnelle de conception et de construction de maisons en bois rond. Depuis plus de 30 ans, James Flynn, propri\u00e9taire et exploitant, construit de magnifiques coquilles de maisons en bois massif fabriqu\u00e9es \u00e0 la main, en veillant \u00e0 ce qu&rsquo;elles soient de la plus haute qualit\u00e9 du d\u00e9but \u00e0 la fin.<\/p>\n\n\n\n<p class=\"has-medium-font-size\">Nous utilisons uniquement le pin blanc de l\u2019Est dans nos cabanes en rondins. Non seulement il est beau, mais il est r\u00e9sistant aux intemp\u00e9ries. Les pins blancs de l\u2019Est sont naturellement robustes et rendent votre maison de bois rond personnalis\u00e9e et durable. D&rsquo;autres cabanes en bois sont fabriqu\u00e9es avec des arbres moins chers, moins fiables par les usines. Mais lorsque vous commandez une cabane en rondins de Flynn Log Homes, \u00e7a va durer toute une vie. Une maison est aussi forte que les mat\u00e9riaux dont il est construit avec, et Flynn Log Homes garantit le meilleur.<\/p>\n\n\n\n<p class=\"has-medium-font-size\">L&rsquo;\u00e9quipe qualifi\u00e9e de <strong>Flynn Log Homes<\/strong> s&rsquo;assure que votre maison commence par une coquille de bois parfaite et de la plus haute qualit\u00e9. Nous travaillons dans tout l&rsquo;est de l&rsquo;Ontario et l&rsquo;ouest du Qu\u00e9bec. Nous pouvons vous fournir notre kit de maison en bois rond pour construire votre cabane en bois rond partout au Canada.<\/p>\n\n\n\n<p class=\"has-medium-font-size\"><a href=\"https:\/\/flynnloghomes.com\/fr\/contact\/\" data-type=\"page\" data-id=\"69\">Contactez nous<\/a> aujourd&rsquo;hui pour une estimation gratuite. James, lui-m\u00eame, discutera avec vous de vos besoins afin que vous obteniez seulement la meilleure maison de qualit\u00e9 du d\u00e9but \u00e0 la fin.\u200b<\/p>\n\n\n\n<div style=\"height:30px\" aria-hidden=\"true\" class=\"wp-block-spacer\"><\/div>\n<\/div>\n\n<div class=\"wp-block-group alignfull home-contact has-palette-color-6-color has-text-color is-layout-constrained wp-block-group-is-layout-constrained\">\n<div class=\"wp-block-columns alignwide is-layout-flex wp-container-core-columns-is-layout-28f84493 wp-block-columns-is-layout-flex\">\n<div class=\"wp-block-column is-layout-flow wp-block-column-is-layout-flow\">\n<figure class=\"wp-block-image aligncenter size-full\"><a href=\"https:\/\/flynnloghomes.com\/fr\/contact\/\"><img data-recalc-dims=\"1\" decoding=\"async\" src=\"https:\/\/i0.wp.com\/flynnloghomes.com\/wp-content\/uploads\/2023\/03\/Flynn-Contact-Phone-FR-1.png?w=1290&#038;ssl=1\" alt=\"Cliquez pour nous appeler maintenant\" class=\"wp-image-1007\"\/><\/a><\/figure>\n<\/div>\n\n\n\n<div class=\"wp-block-column is-layout-flow wp-block-column-is-layout-flow\">\n<figure class=\"wp-block-image aligncenter size-full\"><a href=\"https:\/\/flynnloghomes.com\/fr\/contact\/\"><img data-recalc-dims=\"1\" decoding=\"async\" src=\"https:\/\/i0.wp.com\/flynnloghomes.com\/wp-content\/uploads\/2023\/03\/Flynn-Contact-Email-FR-1.png?w=1290&#038;ssl=1\" alt=\"Cliquez pour nous envoyer un courriel\" class=\"wp-image-1010\"\/><\/a><\/figure>\n<\/div>\n\n\n\n<div class=\"wp-block-column is-layout-flow wp-block-column-is-layout-flow\">\n<figure class=\"wp-block-image aligncenter size-full\"><a href=\"https:\/\/goo.gl\/maps\/fcZrHufbbDxZshtf7\" target=\"_blank\" rel=\"noreferrer noopener\"><img data-recalc-dims=\"1\" decoding=\"async\" src=\"https:\/\/i0.wp.com\/flynnloghomes.com\/wp-content\/uploads\/2023\/03\/Flynn-Contact-Map-FR-1.png?w=1290&#038;ssl=1\" alt=\"Cliquez pour nous localiser\" class=\"wp-image-1014\"\/><\/a><\/figure>\n<\/div>\n<\/div>\n<\/div>\n\n<div class=\"wp-block-group alignfull is-layout-constrained wp-block-group-is-layout-constrained\">\n<div style=\"height:50px\" aria-hidden=\"true\" class=\"wp-block-spacer\"><\/div>\n\n\n\n<div class=\"wp-block-columns is-layout-flex wp-container-core-columns-is-layout-28f84493 wp-block-columns-is-layout-flex\">\n<div class=\"wp-block-column is-layout-flow wp-block-column-is-layout-flow\" style=\"flex-basis:66.66%\">\n<figure class=\"wp-block-image size-large featured-home-border\"><a href=\"https:\/\/flynnloghomes.com\/fr\/portefeuille-de-maisons-en-rondins\/featured-log-home-apsley\/\"><img data-recalc-dims=\"1\" loading=\"lazy\" decoding=\"async\" width=\"1024\" height=\"683\" src=\"https:\/\/i0.wp.com\/flynnloghomes.com\/wp-content\/uploads\/2023\/02\/Eastern-Ontario-log-home-by-Flynn.jpg?resize=1024%2C683&#038;ssl=1\" alt=\"Cliquez pour voir plus de photos de cette maison en rondins &#xE0; Apsley, Ontario.\" class=\"wp-image-475\" srcset=\"https:\/\/i0.wp.com\/flynnloghomes.com\/wp-content\/uploads\/2023\/02\/Eastern-Ontario-log-home-by-Flynn.jpg?resize=1024%2C683&amp;ssl=1 1024w, https:\/\/i0.wp.com\/flynnloghomes.com\/wp-content\/uploads\/2023\/02\/Eastern-Ontario-log-home-by-Flynn.jpg?resize=300%2C200&amp;ssl=1 300w, https:\/\/i0.wp.com\/flynnloghomes.com\/wp-content\/uploads\/2023\/02\/Eastern-Ontario-log-home-by-Flynn.jpg?resize=768%2C512&amp;ssl=1 768w, https:\/\/i0.wp.com\/flynnloghomes.com\/wp-content\/uploads\/2023\/02\/Eastern-Ontario-log-home-by-Flynn.jpg?w=1200&amp;ssl=1 1200w\" sizes=\"auto, (max-width: 1024px) 100vw, 1024px\" \/><\/a><\/figure>\n<\/div>\n\n\n\n<div class=\"wp-block-column is-vertically-aligned-center is-layout-flow wp-block-column-is-layout-flow\" style=\"flex-basis:33.33%\">\n<p class=\"has-medium-font-size\">Cette maison en bois rond personnalis\u00e9e \u00e0 Apsley, en Ontario, pr\u00e9sente les rondins de pin blanc qui sont la signature de chaque projet de Flynn Log Homes.<\/p>\n\n\n\n<p class=\"has-medium-font-size\">La maison est dot\u00e9e de fondations et de piliers en pierre naturelle, de fen\u00eatres de r\u00e9f\u00e9rence et d&rsquo;une terrasse pleine largeur.<\/p>\n\n\n\n<figure class=\"wp-block-image size-full\"><a href=\"https:\/\/flynnloghomes.com\/fr\/portefeuille-de-maisons-en-rondins\/featured-log-home-apsley\/\"><img data-recalc-dims=\"1\" decoding=\"async\" src=\"https:\/\/i0.wp.com\/flynnloghomes.com\/wp-content\/uploads\/2023\/03\/Flynn-Project-Button-FR-v1-1.png?w=1290&#038;ssl=1\" alt=\"Cliquez pour voir la maison en bois rond Apsley\" class=\"wp-image-992\"\/><\/a><\/figure>\n<\/div>\n<\/div>\n\n\n\n<div style=\"height:50px\" aria-hidden=\"true\" class=\"wp-block-spacer\"><\/div>\n<\/div>\n\n<div class=\"wp-block-group alignfull feature-home-block-home is-layout-constrained wp-block-group-is-layout-constrained\">\n<div style=\"height:50px\" aria-hidden=\"true\" class=\"wp-block-spacer\"><\/div>\n\n\n\n<div class=\"wp-block-columns is-layout-flex wp-container-core-columns-is-layout-28f84493 wp-block-columns-is-layout-flex\">\n<div class=\"wp-block-column is-layout-flow wp-block-column-is-layout-flow\" style=\"flex-basis:66.66%\">\n<figure class=\"wp-block-image size-large featured-home-border\"><a href=\"https:\/\/flynnloghomes.com\/fr\/portefeuille-de-maisons-en-rondins\/featured-log-home-calabogie\/\"><img data-recalc-dims=\"1\" loading=\"lazy\" decoding=\"async\" width=\"1024\" height=\"683\" src=\"https:\/\/i0.wp.com\/flynnloghomes.com\/wp-content\/uploads\/2023\/02\/Calabogie-log-home-by-Flynn.jpg?resize=1024%2C683&#038;ssl=1\" alt=\"Cliquez pour voir plus de photos de cette maison en rondins &#xE0; Calabogie, Ontario.\" class=\"wp-image-477\" srcset=\"https:\/\/i0.wp.com\/flynnloghomes.com\/wp-content\/uploads\/2023\/02\/Calabogie-log-home-by-Flynn.jpg?resize=1024%2C683&amp;ssl=1 1024w, https:\/\/i0.wp.com\/flynnloghomes.com\/wp-content\/uploads\/2023\/02\/Calabogie-log-home-by-Flynn.jpg?resize=300%2C200&amp;ssl=1 300w, https:\/\/i0.wp.com\/flynnloghomes.com\/wp-content\/uploads\/2023\/02\/Calabogie-log-home-by-Flynn.jpg?resize=768%2C512&amp;ssl=1 768w, https:\/\/i0.wp.com\/flynnloghomes.com\/wp-content\/uploads\/2023\/02\/Calabogie-log-home-by-Flynn.jpg?w=1200&amp;ssl=1 1200w\" sizes=\"auto, (max-width: 1024px) 100vw, 1024px\" \/><\/a><\/figure>\n<\/div>\n\n\n\n<div class=\"wp-block-column is-vertically-aligned-center is-layout-flow wp-block-column-is-layout-flow\" style=\"flex-basis:33.33%\">\n<p class=\"has-medium-font-size\">Cette maison en bois rond personnalis\u00e9e situ\u00e9e dans la communaut\u00e9 de loisirs de Calabogie, en Ontario, utilise les rondins de pin blanc qui d\u00e9finissent un projet classique de Flynn Log Homes.<\/p>\n\n\n\n<p class=\"has-medium-font-size\">La maison est dot\u00e9e d&rsquo;une ligne de toit en pointe, de fen\u00eatres originales et d&rsquo;une terrasse sur toute la largeur de la maison.<\/p>\n\n\n\n<figure class=\"wp-block-image size-full\"><a href=\"https:\/\/flynnloghomes.com\/fr\/portefeuille-de-maisons-en-rondins\/featured-log-home-calabogie\/\"><img data-recalc-dims=\"1\" decoding=\"async\" src=\"https:\/\/i0.wp.com\/flynnloghomes.com\/wp-content\/uploads\/2023\/03\/Flynn-Project-Button-FR-v1-1.png?w=1290&#038;ssl=1\" alt=\"Cliquez pour voir la maison en bois rond de Calabogie\" class=\"wp-image-992\"\/><\/a><\/figure>\n<\/div>\n<\/div>\n\n\n\n<div style=\"height:50px\" aria-hidden=\"true\" class=\"wp-block-spacer\"><\/div>\n<\/div>\n\n<div class=\"wp-block-group alignfull is-layout-constrained wp-block-group-is-layout-constrained\">\n<div style=\"height:50px\" aria-hidden=\"true\" class=\"wp-block-spacer\"><\/div>\n\n\n\n<div class=\"wp-block-columns is-layout-flex wp-container-core-columns-is-layout-28f84493 wp-block-columns-is-layout-flex\">\n<div class=\"wp-block-column is-layout-flow wp-block-column-is-layout-flow\" style=\"flex-basis:66.66%\">\n<figure class=\"wp-block-image size-large featured-home-border\"><a href=\"https:\/\/flynnloghomes.com\/fr\/portefeuille-de-maisons-en-rondins\/featured-log-home-pontmain\/\"><img data-recalc-dims=\"1\" loading=\"lazy\" decoding=\"async\" width=\"1024\" height=\"683\" src=\"https:\/\/i0.wp.com\/flynnloghomes.com\/wp-content\/uploads\/2023\/02\/Flynn-PM-3-1.jpg?resize=1024%2C683&#038;ssl=1\" alt=\"Cliquez pour voir plus de photos de cette maison en rondins &#xE0; Pontain, Qu&#xE9;bec.\" class=\"wp-image-526\" srcset=\"https:\/\/i0.wp.com\/flynnloghomes.com\/wp-content\/uploads\/2023\/02\/Flynn-PM-3-1.jpg?resize=1024%2C683&amp;ssl=1 1024w, https:\/\/i0.wp.com\/flynnloghomes.com\/wp-content\/uploads\/2023\/02\/Flynn-PM-3-1.jpg?resize=300%2C200&amp;ssl=1 300w, https:\/\/i0.wp.com\/flynnloghomes.com\/wp-content\/uploads\/2023\/02\/Flynn-PM-3-1.jpg?resize=768%2C512&amp;ssl=1 768w, https:\/\/i0.wp.com\/flynnloghomes.com\/wp-content\/uploads\/2023\/02\/Flynn-PM-3-1.jpg?w=1200&amp;ssl=1 1200w\" sizes=\"auto, (max-width: 1024px) 100vw, 1024px\" \/><\/a><\/figure>\n<\/div>\n\n\n\n<div class=\"wp-block-column is-vertically-aligned-center is-layout-flow wp-block-column-is-layout-flow\" style=\"flex-basis:33.33%\">\n<p class=\"has-medium-font-size\">Cette maison en bois rond personnalis\u00e9e \u00e0 Pontain, au Qu\u00e9bec, pr\u00e9sente un style digne d&rsquo;un livre de contes avec les rondins classiques en pin blanc que l&rsquo;on retrouve dans chaque maison construite par Flynn Log Homes.<\/p>\n\n\n\n<p class=\"has-medium-font-size\">La maison dispose d&rsquo;une terrasse enveloppante ainsi que d&rsquo;un petit balcon sup\u00e9rieur dans un toit en pente avec des lucarnes.<\/p>\n\n\n\n<figure class=\"wp-block-image size-full\"><a href=\"https:\/\/flynnloghomes.com\/fr\/portefeuille-de-maisons-en-rondins\/featured-log-home-pontmain\/\"><img data-recalc-dims=\"1\" decoding=\"async\" src=\"https:\/\/i0.wp.com\/flynnloghomes.com\/wp-content\/uploads\/2023\/03\/Flynn-Project-Button-FR-v1-1.png?w=1290&#038;ssl=1\" alt=\"Cliquez pour voir la maison en bois rond de Pontmain\" class=\"wp-image-992\"\/><\/a><\/figure>\n<\/div>\n<\/div>\n\n\n\n<div style=\"height:50px\" aria-hidden=\"true\" class=\"wp-block-spacer\"><\/div>\n<\/div>\n\n<div class=\"wp-block-group alignfull feature-home-block-home is-layout-constrained wp-block-group-is-layout-constrained\">\n<div style=\"height:50px\" aria-hidden=\"true\" class=\"wp-block-spacer\"><\/div>\n\n\n\n<div class=\"wp-block-columns is-layout-flex wp-container-core-columns-is-layout-28f84493 wp-block-columns-is-layout-flex\">\n<div class=\"wp-block-column is-vertically-aligned-center is-layout-flow wp-block-column-is-layout-flow\">\n<figure class=\"wp-block-image size-full\"><img data-recalc-dims=\"1\" loading=\"lazy\" decoding=\"async\" width=\"442\" height=\"245\" src=\"https:\/\/i0.wp.com\/flynnloghomes.com\/wp-content\/uploads\/2023\/02\/Flynn-Home-Package-v1.png?resize=442%2C245&#038;ssl=1\" alt=\"\" class=\"wp-image-986\" srcset=\"https:\/\/i0.wp.com\/flynnloghomes.com\/wp-content\/uploads\/2023\/02\/Flynn-Home-Package-v1.png?w=442&amp;ssl=1 442w, https:\/\/i0.wp.com\/flynnloghomes.com\/wp-content\/uploads\/2023\/02\/Flynn-Home-Package-v1.png?resize=300%2C166&amp;ssl=1 300w\" sizes=\"auto, (max-width: 442px) 100vw, 442px\" \/><\/figure><\/div>\n\n\n\n<div class=\"wp-block-column is-vertically-aligned-center is-layout-flow wp-block-column-is-layout-flow\">\n<h2 class=\"wp-block-heading\">Paquet standard de maisons en bois rond<\/h2>\n\n\n\n<p class=\"has-medium-font-size\">D\u00e9couvrez ce qui est inclus dans chaque paquet standard de <strong>Flynn Log Homes<\/strong> et ce que cela peut signifier pour votre projet particulier.<\/p>\n\n\n\n<figure class=\"wp-block-image size-full\"><a href=\"https:\/\/flynnloghomes.com\/fr\/paquet-standard-log-shell\/\"><img data-recalc-dims=\"1\" decoding=\"async\" src=\"https:\/\/i0.wp.com\/flynnloghomes.com\/wp-content\/uploads\/2023\/03\/Flynn-Package-Button-FR-v1-2.png?w=1290&#038;ssl=1\" alt=\"Cliquez pour voir les d&#xE9;tails de notre paquet de logs standard\" class=\"wp-image-1002\"\/><\/a><\/figure><\/div>\n\n\n\n<div class=\"wp-block-column is-layout-flow wp-block-column-is-layout-flow\">\n<figure class=\"wp-block-image size-large has-custom-border is-style-rounded\"><img data-recalc-dims=\"1\" loading=\"lazy\" decoding=\"async\" width=\"1024\" height=\"1024\" src=\"https:\/\/i0.wp.com\/flynnloghomes.com\/wp-content\/uploads\/2022\/12\/home-built-with-standard-log-home-package.jpg?resize=1024%2C1024&#038;ssl=1\" alt=\"\" class=\"has-border-color wp-image-281\" style=\"border-color:#cc7b0a;border-width:2px\" srcset=\"https:\/\/i0.wp.com\/flynnloghomes.com\/wp-content\/uploads\/2022\/12\/home-built-with-standard-log-home-package.jpg?resize=1024%2C1024&amp;ssl=1 1024w, https:\/\/i0.wp.com\/flynnloghomes.com\/wp-content\/uploads\/2022\/12\/home-built-with-standard-log-home-package.jpg?resize=300%2C300&amp;ssl=1 300w, https:\/\/i0.wp.com\/flynnloghomes.com\/wp-content\/uploads\/2022\/12\/home-built-with-standard-log-home-package.jpg?resize=150%2C150&amp;ssl=1 150w, https:\/\/i0.wp.com\/flynnloghomes.com\/wp-content\/uploads\/2022\/12\/home-built-with-standard-log-home-package.jpg?resize=768%2C768&amp;ssl=1 768w, https:\/\/i0.wp.com\/flynnloghomes.com\/wp-content\/uploads\/2022\/12\/home-built-with-standard-log-home-package.jpg?resize=800%2C800&amp;ssl=1 800w, https:\/\/i0.wp.com\/flynnloghomes.com\/wp-content\/uploads\/2022\/12\/home-built-with-standard-log-home-package.jpg?resize=400%2C400&amp;ssl=1 400w, https:\/\/i0.wp.com\/flynnloghomes.com\/wp-content\/uploads\/2022\/12\/home-built-with-standard-log-home-package.jpg?resize=200%2C200&amp;ssl=1 200w, https:\/\/i0.wp.com\/flynnloghomes.com\/wp-content\/uploads\/2022\/12\/home-built-with-standard-log-home-package.jpg?w=1125&amp;ssl=1 1125w\" sizes=\"auto, (max-width: 1024px) 100vw, 1024px\" \/><\/figure><\/div>\n<\/div>\n\n\n\n<div style=\"height:50px\" aria-hidden=\"true\" class=\"wp-block-spacer\"><\/div>\n<\/div>\n\n<div class=\"wp-block-group alignfull flynn-footer is-layout-constrained wp-container-core-group-is-layout-254f1302 wp-block-group-is-layout-constrained\" style=\"padding-top:0;padding-right:0;padding-bottom:0;padding-left:0\">\n<div style=\"height:50px\" aria-hidden=\"true\" class=\"wp-block-spacer\"><\/div>\n\n\n\n<div class=\"wp-block-columns is-layout-flex wp-container-core-columns-is-layout-d7d455e7 wp-block-columns-is-layout-flex\" style=\"padding-top:0;padding-right:0;padding-bottom:0;padding-left:0\">\n<div class=\"wp-block-column is-vertically-aligned-center is-layout-flow wp-block-column-is-layout-flow\">\n<figure class=\"wp-block-image aligncenter size-full is-resized\"><img data-recalc-dims=\"1\" loading=\"lazy\" decoding=\"async\" src=\"https:\/\/i0.wp.com\/flynnloghomes.com\/wp-content\/uploads\/2023\/02\/Flynn-Logo-v2.png?resize=124%2C123&#038;ssl=1\" alt=\"\" class=\"wp-image-974\" width=\"124\" height=\"123\" srcset=\"https:\/\/i0.wp.com\/flynnloghomes.com\/wp-content\/uploads\/2023\/02\/Flynn-Logo-v2.png?w=152&amp;ssl=1 152w, https:\/\/i0.wp.com\/flynnloghomes.com\/wp-content\/uploads\/2023\/02\/Flynn-Logo-v2.png?resize=150%2C150&amp;ssl=1 150w\" sizes=\"auto, (max-width: 124px) 100vw, 124px\" \/><\/figure><\/div>\n\n\n\n<div class=\"wp-block-column is-layout-flow wp-block-column-is-layout-flow\" style=\"padding-top:0;padding-right:0;padding-bottom:0;padding-left:0\">\n<p>25 Chemin de la Riviere<br\/>Notre-Dame-de-la-Salette, QC J0X 2L0<br\/>Canada<br\/>Tel. <a href=\"tel:8196642681\">819-664-2681<\/a><\/p>\n<\/div>\n\n\n\n<div class=\"wp-block-column is-layout-flow wp-block-column-is-layout-flow\" style=\"padding-top:0;padding-right:0;padding-bottom:0;padding-left:0\">\n<p>Nous livrons et construisons nos coquilles de maisons en bois rond dans tout l&rsquo;est de l&rsquo;Ontario et l&rsquo;ouest du Qu\u00e9bec.<\/p>\n<\/div>\n\n\n\n<div class=\"wp-block-column is-layout-flow wp-block-column-is-layout-flow\">\n<figure class=\"wp-block-image size-full\"><a href=\"https:\/\/www.facebook.com\/flynnloghomes\" target=\"_blank\" rel=\"noreferrer noopener\"><img data-recalc-dims=\"1\" loading=\"lazy\" decoding=\"async\" width=\"200\" height=\"26\" src=\"https:\/\/i0.wp.com\/flynnloghomes.com\/wp-content\/uploads\/2023\/02\/Flynn-Log-Homes-FB-Icon-3.png?resize=200%2C26&#038;ssl=1\" alt=\"\" class=\"wp-image-917\"\/><\/a><\/figure>\n\n\n<p><a href=\"https:\/\/foilmedia.ca\/\" target=\"_blank\" rel=\"noreferrer noopener\">Site web Foil Media<\/a><br\/><a href=\"https:\/\/sumackloft.com\/\" target=\"_blank\" rel=\"noreferrer noopener\">Image de marque et stylisme Sumack Loft<\/a><\/p>\n<\/div>\n<\/div>\n\n\n\n<div style=\"height:50px\" aria-hidden=\"true\" class=\"wp-block-spacer\"><\/div>\n<\/div>\n","protected":false},"excerpt":{"rendered":"<p>Magnifiques kits de maisons en rondins fabriqu\u00e9s \u00e0 la main et construits sur mesure par des artisans de qualit\u00e9 Flynn Log Homes est une entreprise canadienne exceptionnelle de conception et de construction de maisons en bois rond. Depuis plus de 30 ans, James Flynn, propri\u00e9taire et exploitant, construit de magnifiques coquilles de maisons en bois [&hellip;]<\/p>\n","protected":false},"author":225289408,"featured_media":926,"parent":0,"menu_order":0,"comment_status":"closed","ping_status":"closed","template":"","meta":{"advanced_seo_description":"","jetpack_seo_html_title":"","jetpack_seo_noindex":false,"footnotes":""},"class_list":["post-932","page","type-page","status-publish","has-post-thumbnail","hentry"],"blocksy_meta":{"styles_descriptor":{"styles":{"desktop":"","tablet":"","mobile":""},"google_fonts":[],"version":6}},"jetpack_sharing_enabled":true,"jetpack_shortlink":"https:\/\/wp.me\/PecXs4-f2","_links":{"self":[{"href":"https:\/\/flynnloghomes.com\/fr\/wp-json\/wp\/v2\/pages\/932","targetHints":{"allow":["GET"]}}],"collection":[{"href":"https:\/\/flynnloghomes.com\/fr\/wp-json\/wp\/v2\/pages"}],"about":[{"href":"https:\/\/flynnloghomes.com\/fr\/wp-json\/wp\/v2\/types\/page"}],"author":[{"embeddable":true,"href":"https:\/\/flynnloghomes.com\/fr\/wp-json\/wp\/v2\/users\/225289408"}],"replies":[{"embeddable":true,"href":"https:\/\/flynnloghomes.com\/fr\/wp-json\/wp\/v2\/comments?post=932"}],"version-history":[{"count":42,"href":"https:\/\/flynnloghomes.com\/fr\/wp-json\/wp\/v2\/pages\/932\/revisions"}],"predecessor-version":[{"id":4513,"href":"https:\/\/flynnloghomes.com\/fr\/wp-json\/wp\/v2\/pages\/932\/revisions\/4513"}],"wp:featuredmedia":[{"embeddable":true,"href":"https:\/\/flynnloghomes.com\/fr\/wp-json\/wp\/v2\/media\/926"}],"wp:attachment":[{"href":"https:\/\/flynnloghomes.com\/fr\/wp-json\/wp\/v2\/media?parent=932"}],"curies":[{"name":"wp","href":"https:\/\/api.w.org\/{rel}","templated":true}]}}